{"id":9,"date":"2018-08-04T21:34:57","date_gmt":"2018-08-04T21:34:57","guid":{"rendered":"http:\/\/lafortunacafe.com\/?page_id=9"},"modified":"2025-12-12T17:43:46","modified_gmt":"2025-12-12T17:43:46","slug":"acerca-de","status":"publish","type":"page","link":"https:\/\/lafortunacafe.com\/index.php\/acerca-de\/","title":{"rendered":"Tierra Cafetera"},"content":{"rendered":"<p>El entorno de nuestros cafetales, rodeados de frutales, c\u00edtricos, platanales y un bosque natural que preserva y alimenta a dos nacimientos de agua, otorgan a nuestro caf\u00e9 sus notas dulces de caramelo, manzana y cuerpo medio.<\/p>\n<p>Su recolecci\u00f3n y cuidado por manos campesinas permiten la producci\u00f3n de un caf\u00e9 Premium de alta calidad<span class=\"Apple-converted-space\">&nbsp;<\/span><\/p>\n\n\n<p><\/p>\n","protected":false},"excerpt":{"rendered":"<p>El entorno de nuestros cafetales, rodeados de frutales, c\u00edtricos, platanales y un bosque natural que preserva y alimenta a dos nacimientos de agua, otorgan a nuestro caf\u00e9 sus notas dulces de caramelo, manzana y cuerpo medio. Su recolecci\u00f3n y cuidado por manos campesinas permiten la producci\u00f3n de un caf\u00e9 Premium de alta calidad&nbsp;<\/p>\n","protected":false},"author":1,"featured_media":48,"parent":0,"menu_order":0,"comment_status":"closed","ping_status":"closed","template":"","meta":{"footnotes":""},"class_list":["post-9","page","type-page","status-publish","has-post-thumbnail","hentry"],"_links":{"self":[{"href":"https:\/\/lafortunacafe.com\/index.php\/wp-json\/wp\/v2\/pages\/9","targetHints":{"allow":["GET"]}}],"collection":[{"href":"https:\/\/lafortunacafe.com\/index.php\/wp-json\/wp\/v2\/pages"}],"about":[{"href":"https:\/\/lafortunacafe.com\/index.php\/wp-json\/wp\/v2\/types\/page"}],"author":[{"embeddable":true,"href":"https:\/\/lafortunacafe.com\/index.php\/wp-json\/wp\/v2\/users\/1"}],"replies":[{"embeddable":true,"href":"https:\/\/lafortunacafe.com\/index.php\/wp-json\/wp\/v2\/comments?post=9"}],"version-history":[{"count":4,"href":"https:\/\/lafortunacafe.com\/index.php\/wp-json\/wp\/v2\/pages\/9\/revisions"}],"predecessor-version":[{"id":55,"href":"https:\/\/lafortunacafe.com\/index.php\/wp-json\/wp\/v2\/pages\/9\/revisions\/55"}],"wp:featuredmedia":[{"embeddable":true,"href":"https:\/\/lafortunacafe.com\/index.php\/wp-json\/wp\/v2\/media\/48"}],"wp:attachment":[{"href":"https:\/\/lafortunacafe.com\/index.php\/wp-json\/wp\/v2\/media?parent=9"}],"curies":[{"name":"wp","href":"https:\/\/api.w.org\/{rel}","templated":true}]}}