{"id":8,"date":"2018-08-04T21:34:57","date_gmt":"2018-08-04T21:34:57","guid":{"rendered":"http:\/\/lafortunacafe.com\/?page_id=8"},"modified":"2025-12-12T17:43:46","modified_gmt":"2025-12-12T17:43:46","slug":"inicio","status":"publish","type":"page","link":"https:\/\/lafortunacafe.com\/","title":{"rendered":"Nuestro Caf\u00e9"},"content":{"rendered":"<p>Orgullosos de traer a sus hogares un caf\u00e9 de origen 100% Colombiano; proveniente de Filandia, Quindio. Volc\u00e1nica tierra del eje cafetero, patrimonio de la humanidad por su cultura y paisaje.<\/p>\n\n\n<p><\/p>\n","protected":false},"excerpt":{"rendered":"<p>Orgullosos de traer a sus hogares un caf\u00e9 de origen 100% Colombiano; proveniente de Filandia, Quindio. Volc\u00e1nica tierra del eje cafetero, patrimonio de la humanidad por su cultura y paisaje.<\/p>\n","protected":false},"author":1,"featured_media":0,"parent":0,"menu_order":0,"comment_status":"closed","ping_status":"closed","template":"","meta":{"footnotes":""},"class_list":["post-8","page","type-page","status-publish","hentry"],"_links":{"self":[{"href":"https:\/\/lafortunacafe.com\/index.php\/wp-json\/wp\/v2\/pages\/8","targetHints":{"allow":["GET"]}}],"collection":[{"href":"https:\/\/lafortunacafe.com\/index.php\/wp-json\/wp\/v2\/pages"}],"about":[{"href":"https:\/\/lafortunacafe.com\/index.php\/wp-json\/wp\/v2\/types\/page"}],"author":[{"embeddable":true,"href":"https:\/\/lafortunacafe.com\/index.php\/wp-json\/wp\/v2\/users\/1"}],"replies":[{"embeddable":true,"href":"https:\/\/lafortunacafe.com\/index.php\/wp-json\/wp\/v2\/comments?post=8"}],"version-history":[{"count":4,"href":"https:\/\/lafortunacafe.com\/index.php\/wp-json\/wp\/v2\/pages\/8\/revisions"}],"predecessor-version":[{"id":54,"href":"https:\/\/lafortunacafe.com\/index.php\/wp-json\/wp\/v2\/pages\/8\/revisions\/54"}],"wp:attachment":[{"href":"https:\/\/lafortunacafe.com\/index.php\/wp-json\/wp\/v2\/media?parent=8"}],"curies":[{"name":"wp","href":"https:\/\/api.w.org\/{rel}","templated":true}]}}